{"id":4540,"date":"2024-06-19T10:43:17","date_gmt":"2024-06-19T10:43:17","guid":{"rendered":"https:\/\/pompi.shop\/platnosci\/"},"modified":"2024-06-19T10:43:17","modified_gmt":"2024-06-19T10:43:17","slug":"platnosci","status":"publish","type":"page","link":"https:\/\/pompi.shop\/pl\/platnosci\/","title":{"rendered":"P\u0142atno\u015bci"},"content":{"rendered":"<p>P\u0142atno\u015bci<\/p>\n","protected":false},"excerpt":{"rendered":"<p>P\u0142atno\u015bci<\/p>\n","protected":false},"author":1,"featured_media":0,"parent":0,"menu_order":0,"comment_status":"closed","ping_status":"closed","template":"","meta":{"_acf_changed":false,"footnotes":""},"class_list":["post-4540","page","type-page","status-publish","hentry"],"acf":[],"_links":{"self":[{"href":"https:\/\/pompi.shop\/pl\/wp-json\/wp\/v2\/pages\/4540","targetHints":{"allow":["GET"]}}],"collection":[{"href":"https:\/\/pompi.shop\/pl\/wp-json\/wp\/v2\/pages"}],"about":[{"href":"https:\/\/pompi.shop\/pl\/wp-json\/wp\/v2\/types\/page"}],"author":[{"embeddable":true,"href":"https:\/\/pompi.shop\/pl\/wp-json\/wp\/v2\/users\/1"}],"replies":[{"embeddable":true,"href":"https:\/\/pompi.shop\/pl\/wp-json\/wp\/v2\/comments?post=4540"}],"version-history":[{"count":0,"href":"https:\/\/pompi.shop\/pl\/wp-json\/wp\/v2\/pages\/4540\/revisions"}],"wp:attachment":[{"href":"https:\/\/pompi.shop\/pl\/wp-json\/wp\/v2\/media?parent=4540"}],"curies":[{"name":"wp","href":"https:\/\/api.w.org\/{rel}","templated":true}]}}