{"id":3288,"date":"2024-01-30T19:07:09","date_gmt":"2024-01-30T19:07:09","guid":{"rendered":"https:\/\/pompi.shop\/login\/"},"modified":"2024-06-27T13:53:24","modified_gmt":"2024-06-27T13:53:24","slug":"logowanie","status":"publish","type":"page","link":"https:\/\/pompi.shop\/pl\/logowanie\/","title":{"rendered":"Login"},"content":{"rendered":"\t\t<div data-elementor-type=\"wp-page\" data-elementor-id=\"3288\" class=\"elementor elementor-3288 elementor-2155\" data-elementor-post-type=\"page\">\n\t\t\t\t<div class=\"elementor-element elementor-element-75abebd elementor-hidden-tablet elementor-hidden-mobile e-flex e-con-boxed e-con e-parent\" data-id=\"75abebd\" data-element_type=\"container\" data-settings=\"{&quot;background_background&quot;:&quot;classic&quot;,&quot;jet_parallax_layout_list&quot;:[]}\">\n\t\t\t\t\t<div class=\"e-con-inner\">\n\t\t\t\t<div class=\"elementor-element elementor-element-86231a5 elementor-widget__width-initial elementor-widget elementor-widget-heading\" data-id=\"86231a5\" data-element_type=\"widget\" data-widget_type=\"heading.default\">\n\t\t\t\t<div class=\"elementor-widget-container\">\n\t\t\t\t\t<h2 class=\"elementor-heading-title elementor-size-default\">Twoje \nKonto<\/h2>\t\t\t\t<\/div>\n\t\t\t\t<\/div>\n\t\t\t\t<div class=\"elementor-element elementor-element-73ad68c elementor-widget__width-initial elementor-widget elementor-widget-text-editor\" data-id=\"73ad68c\" data-element_type=\"widget\" data-widget_type=\"text-editor.default\">\n\t\t\t\t<div class=\"elementor-widget-container\">\n\t\t\t\t\t\t\t\t\t<p>Aby zalogowa\u0107 si\u0119 do naszego sklepu internetowego, prosimy o wpisanie w odpowiednich polach zarejestrowanego adresu e-mail i has\u0142a. Je\u017celi nie posiadasz u nas konta, mo\u017cesz je za\u0142o\u017cy\u0107 klikaj\u0105c na przycisk \u201eZarejestruj si\u0119\u201d i podaj\u0105c swoje dane.<\/p>\n<p>Po zalogowaniu b\u0119dziesz mie\u0107 dost\u0119p do danych swojego konta i przegl\u0105dania historii zam\u00f3wie\u0144. Mo\u017cesz tak\u017ce doda\u0107 nowe produkty do koszyka i przej\u015b\u0107 do kasy, aby zapewni\u0107 bezproblemowe zakupy.<\/p>\n<p>Je\u017celi nie posiadasz u nas konta, mo\u017cesz je za\u0142o\u017cy\u0107 klikaj\u0105c na przycisk \u201eZarejestruj si\u0119\u201d i podaj\u0105c swoje dane. Je\u015bli nadal b\u0119dziesz napotyka\u0107 jakiekolwiek problemy, skontaktuj si\u0119 z naszym zespo\u0142em obs\u0142ugi klienta w celu uzyskania pomocy Szcz\u0119\u015bliwych zakupy!<\/p>\n\t\t\t\t\t\t\t\t<\/div>\n\t\t\t\t<\/div>\n\t\t\t\t\t<\/div>\n\t\t\t\t<\/div>\n\t\t<div class=\"elementor-element elementor-element-5eeb2a e-flex e-con-boxed e-con e-parent\" data-id=\"5eeb2a\" data-element_type=\"container\" data-settings=\"{&quot;jet_parallax_layout_list&quot;:[]}\">\n\t\t\t\t\t<div class=\"e-con-inner\">\n\t\t<div class=\"elementor-element elementor-element-e0470b8 e-con-full e-flex e-con e-child\" data-id=\"e0470b8\" data-element_type=\"container\" data-settings=\"{&quot;jet_parallax_layout_list&quot;:[]}\">\n\t\t\t\t<div class=\"elementor-element elementor-element-449d7d3 elementor-widget elementor-widget-heading\" data-id=\"449d7d3\" data-element_type=\"widget\" data-widget_type=\"heading.default\">\n\t\t\t\t<div class=\"elementor-widget-container\">\n\t\t\t\t\t<h2 class=\"elementor-heading-title elementor-size-default\">Logowanie<\/h2>\t\t\t\t<\/div>\n\t\t\t\t<\/div>\n\t\t\t\t<div class=\"elementor-element elementor-element-2bb40e1 raven-form-button-align-center elementor-widget elementor-widget-raven-login\" data-id=\"2bb40e1\" data-element_type=\"widget\" data-settings=\"{&quot;fields&quot;:[{&quot;label&quot;:&quot;E-mail lub nazwa u\\u017cytkownika&quot;,&quot;type&quot;:&quot;text&quot;,&quot;placeholder&quot;:&quot;E-mail lub nazwa u\\u017cytkownika&quot;,&quot;required&quot;:&quot;true&quot;,&quot;_enable&quot;:&quot;true&quot;,&quot;name&quot;:&quot;username&quot;,&quot;_id&quot;:&quot;29ff2cc&quot;,&quot;index&quot;:0,&quot;enable&quot;:null,&quot;recaptcha_theme&quot;:null,&quot;recaptcha_size&quot;:null,&quot;width&quot;:&quot;100&quot;,&quot;recaptcha_badge&quot;:null},{&quot;label&quot;:&quot;Has\\u0142o&quot;,&quot;type&quot;:&quot;password&quot;,&quot;placeholder&quot;:&quot;Has\\u0142o&quot;,&quot;required&quot;:&quot;true&quot;,&quot;_enable&quot;:&quot;true&quot;,&quot;name&quot;:&quot;password&quot;,&quot;_id&quot;:&quot;e061979&quot;,&quot;index&quot;:1,&quot;enable&quot;:null,&quot;recaptcha_theme&quot;:null,&quot;recaptcha_size&quot;:null,&quot;width&quot;:&quot;100&quot;,&quot;recaptcha_badge&quot;:null},{&quot;label&quot;:null,&quot;type&quot;:&quot;recaptcha&quot;,&quot;_enable&quot;:&quot;false&quot;,&quot;name&quot;:&quot;recaptcha&quot;,&quot;_id&quot;:&quot;7288518&quot;,&quot;index&quot;:2,&quot;enable&quot;:&quot;&quot;,&quot;placeholder&quot;:null,&quot;recaptcha_theme&quot;:null,&quot;recaptcha_size&quot;:null,&quot;required&quot;:null,&quot;width&quot;:null,&quot;recaptcha_badge&quot;:null}]}\" data-widget_type=\"raven-login.default\">\n\t\t\t\t<div class=\"elementor-widget-container\">\n\t\t\t\t\t\t\t<form class=\"raven-form raven-flex raven-flex-wrap raven-flex-bottom\" method=\"post\">\r\n\t\t\t<input type=\"hidden\" name=\"post_id\" value=\"3288\" \/>\r\n\t\t\t<input type=\"hidden\" name=\"form_id\" value=\"2bb40e1\" \/>\r\n\t\t\t\t\t<div id=\"raven-field-group-29ff2cc\" class=\"raven-flex-wrap raven-field-type-text raven-field-group elementor-column elementor-col-100 raven-field-required\">\r\n\t\t\t\t\t<label\r\n\t\t\tfor=\"form-field-29ff2cc\"\r\n\t\t\tclass=\"raven-field-label\">\r\n\t\t\tE-mail lub nazwa u\u017cytkownika\t\t\t\t\t\t\t<span class=\"required-mark-label\"><\/span>\r\n\t\t\t\t\t\t<\/label>\r\n\t\t\t\t<input\r\n\t\t\toninput=\"onInvalidRavenFormField(event)\"\r\n\t\t\toninvalid=\"onInvalidRavenFormField(event)\"\r\n\t\t\ttype=\"text\" name=\"fields[29ff2cc]\" id=\"form-field-29ff2cc\" class=\"raven-field\" placeholder=\"E-mail lub nazwa u\u017cytkownika\" data-type=\"text\" required=\"required\">\r\n\t\t\t\t<\/div>\r\n\t\t\t\t<div id=\"raven-field-group-e061979\" class=\"raven-flex-wrap raven-field-type-password raven-field-group elementor-column elementor-col-100 raven-field-required\">\r\n\t\t\t\t\t<label\r\n\t\t\tfor=\"form-field-e061979\"\r\n\t\t\tclass=\"raven-field-label\">\r\n\t\t\tHas\u0142o\t\t\t\t\t\t\t<span class=\"required-mark-label\"><\/span>\r\n\t\t\t\t\t\t<\/label>\r\n\t\t\t\t<input\r\n\t\t\ttype=\"password\"\r\n\t\t\ttype=\"password\" name=\"fields[e061979]\" id=\"form-field-e061979\" class=\"raven-field\" placeholder=\"Has\u0142o\" data-type=\"password\" required=\"required\">\r\n\t\t\t\t<\/div>\r\n\t\t\t\t\t<div class=\"raven-field-type-checkbox raven-flex-wrap raven-field-group elementor-column elementor-col-100 login-tools-wrapper\">\r\n\t\t\t\t\t\t\t\t\t\t\t\t<div class=\"raven-login-remember-me-wrapper raven-field-subgroup\">\r\n\t\t\t\t<span class=\"raven-field-option raven-field-option-checkbox\">\r\n\t\t\t\t\t<input type=\"checkbox\" name=\"remember-me\" id=\"raven-login-widget-remember-me-checkbox\" class=\"raven-field\" >\r\n\t\t\t\t\t<label class=\"raven-field-label\" for=\"raven-login-widget-remember-me-checkbox\"> Remember me<\/label>\r\n\t\t\t\t<\/span>\r\n\t\t\t<\/div>\r\n\t\t\t\t\t\t\t\t\t\t\t\t\t\t\t\t\t\t<div class=\"raven-login-forget-password-wrapper raven-field-subgroup\">\r\n\t\t\t\t<a class=\"forgot-pass-label\" href=\"https:\/\/pompi.shop\/pl\/wp-login.php\" rel=\"nofollow\" >\r\n\t\t\t\t\tZapomnia\u0142e\u015b has\u0142a?\t\t\t\t<\/a>\r\n\t\t<\/div>\r\n\t\t\t\t\t\t\t\t\t<\/div>\r\n\t\t\t<div class=\"raven-field-group raven-field-type-submit-button elementor-column elementor-col-100\">\r\n\t\t\t\t<button type=\"submit\" class=\"raven-submit-button\">\r\n\t\t\t\t\t\t\t\t\t\t<span>Zaloguj si\u0119<\/span>\r\n\t\t\t\t<\/button>\r\n\t\t\t<\/div>\r\n\t\t\t<div class=\"raven-field-type-checkbox raven-flex-wrap raven-field-group elementor-column elementor-col-100 login-tools-wrapper\">\r\n\t\t\t\t\t\t\t\t\t\t\t<\/div>\r\n\t\t<\/form>\r\n\t\t\t\t\t\t<\/div>\n\t\t\t\t<\/div>\n\t\t\t\t<\/div>\n\t\t<div class=\"elementor-element elementor-element-c317f79 e-con-full e-flex e-con e-child\" data-id=\"c317f79\" data-element_type=\"container\" data-settings=\"{&quot;jet_parallax_layout_list&quot;:[]}\">\n\t\t\t\t<div class=\"elementor-element elementor-element-77ecef5 elementor-widget elementor-widget-heading\" data-id=\"77ecef5\" data-element_type=\"widget\" data-widget_type=\"heading.default\">\n\t\t\t\t<div class=\"elementor-widget-container\">\n\t\t\t\t\t<h2 class=\"elementor-heading-title elementor-size-default\">LUB<\/h2>\t\t\t\t<\/div>\n\t\t\t\t<\/div>\n\t\t\t\t<\/div>\n\t\t<div class=\"elementor-element elementor-element-0a977d7 e-con-full e-flex e-con e-child\" data-id=\"0a977d7\" data-element_type=\"container\" data-settings=\"{&quot;jet_parallax_layout_list&quot;:[]}\">\n\t\t\t\t<div class=\"elementor-element elementor-element-2f626b3 elementor-widget elementor-widget-heading\" data-id=\"2f626b3\" data-element_type=\"widget\" data-widget_type=\"heading.default\">\n\t\t\t\t<div class=\"elementor-widget-container\">\n\t\t\t\t\t<h2 class=\"elementor-heading-title elementor-size-default\">Tworzenie konta<\/h2>\t\t\t\t<\/div>\n\t\t\t\t<\/div>\n\t\t\t\t<div class=\"elementor-element elementor-element-d3fe3b3 raven-form-button-align-center elementor-widget elementor-widget-raven-register\" data-id=\"d3fe3b3\" data-element_type=\"widget\" data-settings=\"{&quot;fields&quot;:[{&quot;type&quot;:&quot;email&quot;,&quot;map_to&quot;:&quot;user_email&quot;,&quot;label&quot;:&quot;Email&quot;,&quot;required&quot;:&quot;true&quot;,&quot;_id&quot;:&quot;75b6284&quot;,&quot;acceptance_text&quot;:null,&quot;confirm_password_label&quot;:null,&quot;confirm_password_placeholder&quot;:null,&quot;index&quot;:0,&quot;meta_id&quot;:null,&quot;placeholder&quot;:&quot;&quot;,&quot;checked_by_default&quot;:null,&quot;field_options&quot;:null,&quot;inline_list&quot;:null,&quot;native_html5&quot;:null,&quot;multiple_selection&quot;:null,&quot;rows&quot;:null,&quot;confirm_password&quot;:null,&quot;width&quot;:&quot;100&quot;,&quot;recaptcha_theme&quot;:null,&quot;recaptcha_size&quot;:null,&quot;recaptcha_badge&quot;:null,&quot;field_value&quot;:null,&quot;field_custom_id&quot;:&quot;&quot;},{&quot;label&quot;:&quot;Pe\\u0142ne imi\\u0119 i nazwisko&quot;,&quot;required&quot;:&quot;true&quot;,&quot;map_to&quot;:&quot;full_name&quot;,&quot;_id&quot;:&quot;74931d1&quot;,&quot;acceptance_text&quot;:null,&quot;confirm_password_label&quot;:null,&quot;confirm_password_placeholder&quot;:null,&quot;index&quot;:1,&quot;type&quot;:&quot;text&quot;,&quot;meta_id&quot;:null,&quot;placeholder&quot;:&quot;&quot;,&quot;checked_by_default&quot;:null,&quot;field_options&quot;:null,&quot;inline_list&quot;:null,&quot;native_html5&quot;:null,&quot;multiple_selection&quot;:null,&quot;rows&quot;:null,&quot;confirm_password&quot;:null,&quot;width&quot;:&quot;100&quot;,&quot;recaptcha_theme&quot;:null,&quot;recaptcha_size&quot;:null,&quot;recaptcha_badge&quot;:null,&quot;field_value&quot;:null,&quot;field_custom_id&quot;:&quot;&quot;},{&quot;type&quot;:&quot;password&quot;,&quot;label&quot;:&quot;Has\\u0142o&quot;,&quot;map_to&quot;:&quot;user_password&quot;,&quot;confirm_password&quot;:&quot;true&quot;,&quot;required&quot;:&quot;true&quot;,&quot;_id&quot;:&quot;2586533&quot;,&quot;acceptance_text&quot;:null,&quot;confirm_password_label&quot;:&quot;Potwierd\\u017a has\\u0142o&quot;,&quot;confirm_password_placeholder&quot;:&quot;Potwierd\\u017a has\\u0142o&quot;,&quot;index&quot;:2,&quot;meta_id&quot;:null,&quot;placeholder&quot;:&quot;&quot;,&quot;checked_by_default&quot;:null,&quot;field_options&quot;:null,&quot;inline_list&quot;:null,&quot;native_html5&quot;:null,&quot;multiple_selection&quot;:null,&quot;rows&quot;:null,&quot;width&quot;:&quot;100&quot;,&quot;recaptcha_theme&quot;:null,&quot;recaptcha_size&quot;:null,&quot;recaptcha_badge&quot;:null,&quot;field_value&quot;:null,&quot;field_custom_id&quot;:&quot;&quot;}]}\" data-widget_type=\"raven-register.default\">\n\t\t\t\t<div class=\"elementor-widget-container\">\n\t\t\t\t\t\t\t<form class=\"raven-form raven-flex raven-flex-wrap raven-flex-bottom\" method=\"post\">\r\n\t\t\t<input type=\"hidden\" name=\"post_id\" value=\"3288\" \/>\r\n\t\t\t<input type=\"hidden\" name=\"form_id\" value=\"d3fe3b3\" \/>\r\n\t\t\t\t\t<div id=\"raven-field-group-75b6284\" class=\"raven-flex-wrap raven-field-type-email raven-field-group elementor-column elementor-col-100 raven-field-required\">\r\n\t\t\t\t\t<label\r\n\t\t\tfor=\"form-field-75b6284\"\r\n\t\t\tclass=\"raven-field-label\">\r\n\t\t\tEmail\t\t\t\t\t\t\t<span class=\"required-mark-label\"><\/span>\r\n\t\t\t\t\t\t<\/label>\r\n\t\t\t\t<input\r\n\t\t\toninput=\"onInvalidRavenFormField(event)\"\r\n\t\t\toninvalid=\"onInvalidRavenFormField(event)\"\r\n\t\t\ttype=\"email\" name=\"fields[75b6284]\" id=\"form-field-75b6284\" class=\"raven-field\" placeholder=\"\" data-type=\"email\" required=\"required\">\r\n\t\t\t\t<\/div>\r\n\t\t\t\t<div id=\"raven-field-group-74931d1\" class=\"raven-flex-wrap raven-field-type-text raven-field-group elementor-column elementor-col-100 raven-field-required\">\r\n\t\t\t\t\t<label\r\n\t\t\tfor=\"form-field-74931d1\"\r\n\t\t\tclass=\"raven-field-label\">\r\n\t\t\tPe\u0142ne imi\u0119 i nazwisko\t\t\t\t\t\t\t<span class=\"required-mark-label\"><\/span>\r\n\t\t\t\t\t\t<\/label>\r\n\t\t\t\t<input\r\n\t\t\toninput=\"onInvalidRavenFormField(event)\"\r\n\t\t\toninvalid=\"onInvalidRavenFormField(event)\"\r\n\t\t\ttype=\"text\" name=\"fields[74931d1]\" id=\"form-field-74931d1\" class=\"raven-field\" placeholder=\"\" data-type=\"text\" required=\"required\">\r\n\t\t\t\t<\/div>\r\n\t\t\t\t<div id=\"raven-field-group-2586533\" class=\"raven-flex-wrap raven-field-type-password raven-field-group elementor-column elementor-col-100 raven-field-required\">\r\n\t\t\t\t\t<label\r\n\t\t\tfor=\"form-field-2586533\"\r\n\t\t\tclass=\"raven-field-label\">\r\n\t\t\tHas\u0142o\t\t\t\t\t\t\t<span class=\"required-mark-label\"><\/span>\r\n\t\t\t\t\t\t<\/label>\r\n\t\t\t\t<input\r\n\t\t\ttype=\"password\"\r\n\t\t\ttype=\"password\" name=\"fields[2586533]\" id=\"form-field-2586533\" class=\"raven-field\" placeholder=\"\" data-type=\"password\" required=\"required\">\r\n\t\t\t\t<\/div>\r\n\t\t\t\t\t\t<div class=\"raven-flex-wrap raven-field-required raven-field-type-text raven-field-group elementor-column elementor-col-100\" >\r\n\t\t\t\t\t\t\t\t\t\t<label class=\"raven-field-label\">Potwierd\u017a has\u0142o <\/label>\r\n\t\t\t\t\t\t\t\t\t\t<input\r\n\t\t\t\t\t\trequired=\"required\"\r\n\t\t\t\t\t\tclass=\"raven-field\"\r\n\t\t\t\t\t\ttype=\"password\"\r\n\t\t\t\t\t\tname=\"confirm-password\"\r\n\t\t\t\t\t\tdata-parent=\"form-field-2586533\"\r\n\t\t\t\t\t\tplaceholder=\"Potwierd\u017a has\u0142o\"\r\n\t\t\t\t\t>\r\n\t\t\t\t<\/div>\r\n\t\t\t\t\t\t<div class=\"raven-field-group raven-field-type-submit-button elementor-column elementor-col-100\">\r\n\t\t\t\t<button type=\"submit\" class=\"raven-submit-button\">\r\n\t\t\t\t\t\t\t\t\t\t<span>Zarejestruj si\u0119<\/span>\r\n\t\t\t\t<\/button>\r\n\t\t\t<\/div>\r\n\t\t<\/form>\r\n\t\t\t\t\t\t<\/div>\n\t\t\t\t<\/div>\n\t\t\t\t<\/div>\n\t\t\t\t\t<\/div>\n\t\t\t\t<\/div>\n\t\t\t\t<\/div>\n\t\t","protected":false},"excerpt":{"rendered":"<p>Twoje Konto Aby zalogowa\u0107 si\u0119 do naszego sklepu internetowego, prosimy o wpisanie w odpowiednich polach zarejestrowanego adresu e-mail i has\u0142a. Je\u017celi nie posiadasz u nas konta, mo\u017cesz je za\u0142o\u017cy\u0107 klikaj\u0105c na przycisk \u201eZarejestruj si\u0119\u201d i podaj\u0105c swoje dane. Po zalogowaniu b\u0119dziesz mie\u0107 dost\u0119p do danych swojego konta i przegl\u0105dania historii zam\u00f3wie\u0144. Mo\u017cesz tak\u017ce doda\u0107 nowe [&hellip;]<\/p>\n","protected":false},"author":1,"featured_media":0,"parent":0,"menu_order":1,"comment_status":"closed","ping_status":"closed","template":"elementor_header_footer","meta":{"_acf_changed":false,"footnotes":""},"class_list":["post-3288","page","type-page","status-publish","hentry"],"acf":[],"_links":{"self":[{"href":"https:\/\/pompi.shop\/pl\/wp-json\/wp\/v2\/pages\/3288","targetHints":{"allow":["GET"]}}],"collection":[{"href":"https:\/\/pompi.shop\/pl\/wp-json\/wp\/v2\/pages"}],"about":[{"href":"https:\/\/pompi.shop\/pl\/wp-json\/wp\/v2\/types\/page"}],"author":[{"embeddable":true,"href":"https:\/\/pompi.shop\/pl\/wp-json\/wp\/v2\/users\/1"}],"replies":[{"embeddable":true,"href":"https:\/\/pompi.shop\/pl\/wp-json\/wp\/v2\/comments?post=3288"}],"version-history":[{"count":8,"href":"https:\/\/pompi.shop\/pl\/wp-json\/wp\/v2\/pages\/3288\/revisions"}],"predecessor-version":[{"id":5045,"href":"https:\/\/pompi.shop\/pl\/wp-json\/wp\/v2\/pages\/3288\/revisions\/5045"}],"wp:attachment":[{"href":"https:\/\/pompi.shop\/pl\/wp-json\/wp\/v2\/media?parent=3288"}],"curies":[{"name":"wp","href":"https:\/\/api.w.org\/{rel}","templated":true}]}}